{"id":7300,"date":"2020-09-20T18:01:16","date_gmt":"2020-09-20T16:01:16","guid":{"rendered":"https:\/\/musclebumper.com\/?page_id=7300"},"modified":"2020-09-20T18:01:18","modified_gmt":"2020-09-20T16:01:18","slug":"livraisons-et-retours","status":"publish","type":"page","link":"https:\/\/musclebumper.com\/en\/livraisons-et-retours\/","title":{"rendered":"Deliveries and returns"},"content":{"rendered":"<p>Tous nos colis sont exp\u00e9di\u00e9s depuis les entrep\u00f4ts partenaires en France. Nous ne pratiquons pas de \u00ab\u00a0Dropshipping\u00a0\u00bb (envois depuis la Chine).<\/p>\n\n\n\n<h2 class=\"wp-block-heading\">Delivery to France<\/h2>\n\n\n\n<p>Pour les articles affich\u00e9s en stock, il s&rsquo;agit du d\u00e9lai pour la France (hors \u00eeles) : nous livrons vos colis en <strong>express 24h\/48h, du lundi au vendredi<\/strong>.<br>Pour les articles affich\u00e9s en RUPTURE, nous n&rsquo;avons aucun d\u00e9lai de pr\u00e9vu pour ces articles.<\/p>\n\n\n\n<h2 class=\"wp-block-heading\">Delivery to the rest of the world<\/h2>\n\n\n\n<p>Nous livrons tous les pays en Europe (avec la TVA 20%).<br>Pour la Suisse, pour les DOM-TOM, ainsi que les pays hors U.E., tous nos produits seront vendus au prix Hors Taxes (0%).<br>Les colis, selon leurs dimensions (taille, poids) vous sont exp\u00e9di\u00e9s par nos transporteurs (La Poste, G\u00e9odis Calberson).<br>A titre indicatif, le d\u00e9lai de livraison, pour les produits en stock, est de g\u00e9n\u00e9ralement 4 \u00e0 6 jours ouvr\u00e9s pour les pays limitrophes \u00e0 la France.<br>Pour les DOM-TOM et le reste du monde, il faut compter environ 8 \u00e0 15 jours.<\/p>\n\n\n\n<p>Concernant les \u00e9ventuelles taxes de douane pour les pays hors UE, et les DOM-TOM, merci de vous renseigner aupr\u00e8s du service d&rsquo;importation de votre pays.<\/p>\n\n\n\n<h2 class=\"wp-block-heading\">Retours<\/h2>\n\n\n\n<p>Pour consulter en d\u00e9tails les conditions de retour, veuillez consulter nos <a href=\"https:\/\/musclebumper.com\/en\/conditions-generales-de-ventes\/\" data-type=\"URL\" data-id=\"https:\/\/musclebumper.com\/conditions-generales-de-ventes\/\">conditions g\u00e9n\u00e9rales de vente<\/a>.<br>Egalement pour votre information, et uniquement \u00e0 titre de r\u00e9sum\u00e9, voici quelques d\u00e9tails concernant les retours :<\/p>\n\n\n\n<p>Conform\u00e9ment \u00e0 l&rsquo;article L.121-21 du Code de la Consommation, vous disposez d&rsquo;un <strong>d\u00e9lai de quatorze jours<\/strong> \u00e0 compter de la date de r\u00e9ception de votre commande, pour retourner tout article ne vous convenant pas, dans son emballage d&rsquo;origine et en \u00e9tat neuf comme lors de la r\u00e9ception, propre \u00e0 sa commercialisation et demander l&rsquo;\u00e9change ou le remboursement, \u00e0 l&rsquo;exception des frais de retour.<br>Le d\u00e9lai de remboursement est g\u00e9n\u00e9ralement de 3 \u00e0 5 jours (la loi impose un remboursement dans les 14 jours maximum).<br>ATTENTION: No withdrawal will be accepted if the returned product is unfit for marketing.<br>Pour \u00e9viter tout litige suite \u00e0 un retour, il vous sera demand\u00e9 d&rsquo;effectuer des photos, dat\u00e9es, avant renvoi du produit.<\/p>\n\n\n\n<p>Il est IMPERATIF de <strong>v\u00e9rifier les colis \u00e0 r\u00e9ception (en ouvrant le colis)<\/strong>, en pr\u00e9sence du livreur. Si le colis est d\u00e9t\u00e9rior\u00e9, ou avec des pi\u00e8ces manquantes, il faut refuser le colis, et ne pas signer le re\u00e7u.<br><strong>Sans application de cette consigne, toute r\u00e9clamation pour produit ab\u00eem\u00e9, ou manquant ne pourra \u00eatre prise en compte.<\/strong><\/p>\n\n\n\n<p>Les frais d&rsquo;envoi et de retour restent \u00e0 la charge du client.<\/p>","protected":false},"excerpt":{"rendered":"<p>Tous nos colis sont exp\u00e9di\u00e9s depuis les entrep\u00f4ts partenaires en France. Nous ne pratiquons pas de \u00ab\u00a0Dropshipping\u00a0\u00bb (envois depuis la<\/p>","protected":false},"author":1,"featured_media":0,"parent":0,"menu_order":0,"comment_status":"closed","ping_status":"closed","template":"","meta":{"footnotes":""},"class_list":["post-7300","page","type-page","status-publish","hentry"],"yoast_head":"<!-- This site is optimized with the Yoast SEO plugin v27.1.1 - https:\/\/yoast.com\/product\/yoast-seo-wordpress\/ -->\n<title>Livraisons et retours - MuscleBumper.com<\/title>\n<meta name=\"robots\" content=\"index, follow, max-snippet:-1, max-image-preview:large, max-video-preview:-1\" \/>\n<link rel=\"canonical\" href=\"https:\/\/musclebumper.com\/en\/livraisons-et-retours\/\" \/>\n<meta property=\"og:locale\" content=\"en_US\" \/>\n<meta property=\"og:type\" content=\"article\" \/>\n<meta property=\"og:title\" content=\"Livraisons et retours - MuscleBumper.com\" \/>\n<meta property=\"og:description\" content=\"Tous nos colis sont exp\u00e9di\u00e9s depuis les entrep\u00f4ts partenaires en France. Nous ne pratiquons pas de \u00ab\u00a0Dropshipping\u00a0\u00bb (envois depuis la\" \/>\n<meta property=\"og:url\" content=\"https:\/\/musclebumper.com\/en\/livraisons-et-retours\/\" \/>\n<meta property=\"og:site_name\" content=\"MuscleBumper.com\" \/>\n<meta property=\"article:modified_time\" content=\"2020-09-20T16:01:18+00:00\" \/>\n<meta name=\"twitter:card\" content=\"summary_large_image\" \/>\n<meta name=\"twitter:label1\" content=\"Est. reading time\" \/>\n\t<meta name=\"twitter:data1\" content=\"2 minutes\" \/>\n<script type=\"application\/ld+json\" class=\"yoast-schema-graph\">{\"@context\":\"https:\/\/schema.org\",\"@graph\":[{\"@type\":\"WebPage\",\"@id\":\"https:\/\/musclebumper.com\/livraisons-et-retours\/\",\"url\":\"https:\/\/musclebumper.com\/livraisons-et-retours\/\",\"name\":\"Livraisons et retours - MuscleBumper.com\",\"isPartOf\":{\"@id\":\"https:\/\/musclebumper.com\/#website\"},\"datePublished\":\"2020-09-20T16:01:16+00:00\",\"dateModified\":\"2020-09-20T16:01:18+00:00\",\"breadcrumb\":{\"@id\":\"https:\/\/musclebumper.com\/livraisons-et-retours\/#breadcrumb\"},\"inLanguage\":\"en-US\",\"potentialAction\":[{\"@type\":\"ReadAction\",\"target\":[\"https:\/\/musclebumper.com\/livraisons-et-retours\/\"]}]},{\"@type\":\"BreadcrumbList\",\"@id\":\"https:\/\/musclebumper.com\/livraisons-et-retours\/#breadcrumb\",\"itemListElement\":[{\"@type\":\"ListItem\",\"position\":1,\"name\":\"Accueil\",\"item\":\"https:\/\/musclebumper.com\/\"},{\"@type\":\"ListItem\",\"position\":2,\"name\":\"Livraisons et retours\"}]},{\"@type\":\"WebSite\",\"@id\":\"https:\/\/musclebumper.com\/#website\",\"url\":\"https:\/\/musclebumper.com\/\",\"name\":\"MuscleBumper.com\",\"description\":\"Protection de voiture pare-chocs arri\u00e8re\",\"publisher\":{\"@id\":\"https:\/\/musclebumper.com\/#organization\"},\"potentialAction\":[{\"@type\":\"SearchAction\",\"target\":{\"@type\":\"EntryPoint\",\"urlTemplate\":\"https:\/\/musclebumper.com\/?s={search_term_string}\"},\"query-input\":{\"@type\":\"PropertyValueSpecification\",\"valueRequired\":true,\"valueName\":\"search_term_string\"}}],\"inLanguage\":\"en-US\"},{\"@type\":\"Organization\",\"@id\":\"https:\/\/musclebumper.com\/#organization\",\"name\":\"Chariotchaise\",\"url\":\"https:\/\/musclebumper.com\/\",\"logo\":{\"@type\":\"ImageObject\",\"inLanguage\":\"en-US\",\"@id\":\"https:\/\/musclebumper.com\/#\/schema\/logo\/image\/\",\"url\":\"https:\/\/musclebumper.com\/wp-content\/uploads\/2020\/09\/chariotchaise-gris.png\",\"contentUrl\":\"https:\/\/musclebumper.com\/wp-content\/uploads\/2020\/09\/chariotchaise-gris.png\",\"width\":1475,\"height\":221,\"caption\":\"Chariotchaise\"},\"image\":{\"@id\":\"https:\/\/musclebumper.com\/#\/schema\/logo\/image\/\"}}]}<\/script>\n<!-- \/ Yoast SEO plugin. -->","yoast_head_json":{"title":"Livraisons et retours - MuscleBumper.com","robots":{"index":"index","follow":"follow","max-snippet":"max-snippet:-1","max-image-preview":"max-image-preview:large","max-video-preview":"max-video-preview:-1"},"canonical":"https:\/\/musclebumper.com\/en\/livraisons-et-retours\/","og_locale":"en_US","og_type":"article","og_title":"Livraisons et retours - MuscleBumper.com","og_description":"Tous nos colis sont exp\u00e9di\u00e9s depuis les entrep\u00f4ts partenaires en France. Nous ne pratiquons pas de \u00ab\u00a0Dropshipping\u00a0\u00bb (envois depuis la","og_url":"https:\/\/musclebumper.com\/en\/livraisons-et-retours\/","og_site_name":"MuscleBumper.com","article_modified_time":"2020-09-20T16:01:18+00:00","twitter_card":"summary_large_image","twitter_misc":{"Est. reading time":"2 minutes"},"schema":{"@context":"https:\/\/schema.org","@graph":[{"@type":"WebPage","@id":"https:\/\/musclebumper.com\/livraisons-et-retours\/","url":"https:\/\/musclebumper.com\/livraisons-et-retours\/","name":"Livraisons et retours - MuscleBumper.com","isPartOf":{"@id":"https:\/\/musclebumper.com\/#website"},"datePublished":"2020-09-20T16:01:16+00:00","dateModified":"2020-09-20T16:01:18+00:00","breadcrumb":{"@id":"https:\/\/musclebumper.com\/livraisons-et-retours\/#breadcrumb"},"inLanguage":"en-US","potentialAction":[{"@type":"ReadAction","target":["https:\/\/musclebumper.com\/livraisons-et-retours\/"]}]},{"@type":"BreadcrumbList","@id":"https:\/\/musclebumper.com\/livraisons-et-retours\/#breadcrumb","itemListElement":[{"@type":"ListItem","position":1,"name":"Accueil","item":"https:\/\/musclebumper.com\/"},{"@type":"ListItem","position":2,"name":"Livraisons et retours"}]},{"@type":"WebSite","@id":"https:\/\/musclebumper.com\/#website","url":"https:\/\/musclebumper.com\/","name":"MuscleBumper.com","description":"Protection de voiture pare-chocs arri\u00e8re","publisher":{"@id":"https:\/\/musclebumper.com\/#organization"},"potentialAction":[{"@type":"SearchAction","target":{"@type":"EntryPoint","urlTemplate":"https:\/\/musclebumper.com\/?s={search_term_string}"},"query-input":{"@type":"PropertyValueSpecification","valueRequired":true,"valueName":"search_term_string"}}],"inLanguage":"en-US"},{"@type":"Organization","@id":"https:\/\/musclebumper.com\/#organization","name":"Trolley chair","url":"https:\/\/musclebumper.com\/","logo":{"@type":"ImageObject","inLanguage":"en-US","@id":"https:\/\/musclebumper.com\/#\/schema\/logo\/image\/","url":"https:\/\/musclebumper.com\/wp-content\/uploads\/2020\/09\/chariotchaise-gris.png","contentUrl":"https:\/\/musclebumper.com\/wp-content\/uploads\/2020\/09\/chariotchaise-gris.png","width":1475,"height":221,"caption":"Chariotchaise"},"image":{"@id":"https:\/\/musclebumper.com\/#\/schema\/logo\/image\/"}}]}},"_links":{"self":[{"href":"https:\/\/musclebumper.com\/en\/wp-json\/wp\/v2\/pages\/7300","targetHints":{"allow":["GET"]}}],"collection":[{"href":"https:\/\/musclebumper.com\/en\/wp-json\/wp\/v2\/pages"}],"about":[{"href":"https:\/\/musclebumper.com\/en\/wp-json\/wp\/v2\/types\/page"}],"author":[{"embeddable":true,"href":"https:\/\/musclebumper.com\/en\/wp-json\/wp\/v2\/users\/1"}],"replies":[{"embeddable":true,"href":"https:\/\/musclebumper.com\/en\/wp-json\/wp\/v2\/comments?post=7300"}],"version-history":[{"count":0,"href":"https:\/\/musclebumper.com\/en\/wp-json\/wp\/v2\/pages\/7300\/revisions"}],"wp:attachment":[{"href":"https:\/\/musclebumper.com\/en\/wp-json\/wp\/v2\/media?parent=7300"}],"curies":[{"name":"wp","href":"https:\/\/api.w.org\/{rel}","templated":true}]}}