{"id":7175,"date":"2020-09-20T17:30:20","date_gmt":"2020-09-20T15:30:20","guid":{"rendered":"https:\/\/musclebumper.com\/?page_id=7175"},"modified":"2020-11-21T18:19:55","modified_gmt":"2020-11-21T17:19:55","slug":"conditions-generales-de-ventes","status":"publish","type":"page","link":"https:\/\/musclebumper.com\/en\/conditions-generales-de-ventes\/","title":{"rendered":"Terms and conditions"},"content":{"rendered":"<h2 class=\"wp-block-heading\">Terms of Sales<\/h2>\r\n\r\n\r\n\r\n<p>These general conditions govern the sale of products presented on the site of:<\/p>\r\n\r\n\r\n\r\n<h3 class=\"wp-block-heading\">OFFER<\/h3>\r\n\r\n\r\n\r\n<p>Our product offers are valid while stocks last.<br \/>Any order implies acceptance of the prices and description of the products available for sale. Any dispute on this point will occur within the framework of a possible exchange and the guarantees mentioned below.<\/p>\r\n\r\n\r\n\r\n<h3 class=\"wp-block-heading\">THE PRICES<\/h3>\r\n\r\n\r\n\r\n<p>Our prices are indicated in Euros EXCLUDING TAX. If one or more taxes or contributions, in particular environmental taxes, were to be created or modified upwards or downwards, this change may be reflected in the selling price of items in our catalogs and sales documents. They are guaranteed subject to quotation or printing errors.<br \/>Customs duties or other local taxes or import duties or state taxes may be payable. These rights and sum are not the responsibility of the Seller. They will be borne by the buyer and are his responsibility (declarations, payment to the competent and concerned authorities, etc.). The Seller therefore invites the buyer to obtain information on these aspects from the corresponding local authorities. The telecommunications costs necessary for access to the Company&#039;s websites are the responsibility of the Customer.<br \/>No item can be sold at a loss.<br \/>Keep your invoice, you will be asked for it in the event of an exchange or warranty request.<br \/>Your invoice is sent in electronic format, and remains available on your account, for the current year only.<\/p>\r\n\r\n\r\n\r\n<h3 class=\"wp-block-heading\">ORDERED<\/h3>\r\n\r\n\r\n\r\n<p>La boutique MuscleBumper.com attire l\u2019attention du Client sur le fait que, en cas de commande en ligne sur le site Internet, des informations saisies de mani\u00e8re erron\u00e9e ou incompl\u00e8te (notamment l\u2019adresse du destinataire) sont susceptibles d\u2019entra\u00eener des erreurs dans l\u2019ex\u00e9cution de la commande (notamment dans sa livraison) qui ne pourront en aucun cas \u00eatre imput\u00e9es \u00e0 la boutique MuscleBumper.com.<br \/>The Customer must accurately verify the product (s) ordered, the quantities, as well as the place of dispatch of the order.<br \/>Une commande pourra toujours \u00eatre annul\u00e9e par la boutique MuscleBumper.com en cas :<br \/>- failure to pay by the Customer within the time limit, the price of the order.<br \/>- unavailability of the product (s) ordered and \/ or inability to provide the service (s) for which an order has been placed.<br \/>- force majeure (in particular: unforeseeable delay in deliveries, unavailability from the usual supplier).<\/p>\r\n\r\n\r\n\r\n<h3 class=\"wp-block-heading\">PAYMENT AND SECURITY<\/h3>\r\n\r\n\r\n\r\n<p>Payment of the full price is due immediately on the date of the order. Orders are made in euros.<br \/>To pay for an order, the buyer has several payment methods detailed below:<br \/>- Payment by credit card such as Visa, Carte Bleue, Mastercard.<br \/>- Bank transfer<\/p>\r\n\r\n\r\n\r\n<p>a) BY CREDIT CARD:<br \/>Payment by credit card is made:<br \/>Directly on our site thanks to the secure Stripe server, guaranteeing the customer a secure online transaction.<br \/>La carte bancaire est d\u00e9bit\u00e9e du prix total de la commande d\u00e8s l\u2019autorisation obtenue aupr\u00e8s de la boutique MuscleBumper.com \u00e9mettrice de la carte bancaire du Client.<\/p>\r\n\r\n\r\n\r\n<p>b) BY BANK TRANSFER:<br \/>For orders by bank transfer, after selecting their products, the customer must simply choose the payment method &quot;Bank transfer&quot; during the ordering process.<br \/>Our bank details (IBAN \/ BIC) will then be displayed during the validation of the last order step.<br \/>As part of the fight against fraud on the Internet, information relating to any order may be transmitted to any third party for verification.<\/p>\r\n\r\n\r\n\r\n<h3 class=\"wp-block-heading\">ACCOUNT CREATION<\/h3>\r\n\r\n\r\n\r\n<p>To place an order on the Site, the customer is not required to create an account.<br \/>If he wishes to proceed with the creation of an account, this is possible either during the order when choosing his means of payment, or beforehand, by clicking on the &quot;Register&quot; icon which appears on the page of Home.<br \/>The customer is then asked to choose a username and password to confirm.<br \/>It is specified here that these elements are confidential.<br \/>The customer will be solely responsible for the consequences of the use of his account, and this until its deactivation.<br \/>Any attempt to substitute a password or identifier is prohibited.<br \/>Par ailleurs, des informations seront demand\u00e9es au client pour poursuivre son inscription (civilit\u00e9, pr\u00e9nom, nom, ann\u00e9e de naissance, adresse e-mail, code postal\u2026). Celui-ci s&rsquo;engage \u00e0 fournir des informations v\u00e9ritables et sinc\u00e8res et \u00e0 informer notre boutique MuscleBumper.com de tout changement les concernant.<br \/>Once he has provided the requested information, the customer clicks on &quot;I acknowledge having read the General Conditions of Sale and General Conditions of Use, above and I accept them&quot;, then, after having read the content of the box recalling in particular what are the Site&#039;s offers, the customer reiterates his acceptance by clicking on &quot;I acknowledge having read the information in the box above and I accept them&quot;.<\/p>\r\n\r\n\r\n\r\n<h3 class=\"wp-block-heading\">DELIVERY TERMS AND DELIVERY TIME<\/h3>\r\n\r\n\r\n\r\n<p>General<br \/>The products are delivered to the delivery address that the customer will have indicated to us during the ordering process.<\/p>\r\n\r\n\r\n\r\n<p>Delivery delay<br \/>Le produit command\u00e9 est livr\u00e9 par le circuit postal ou par un transporteur ind\u00e9pendant (la Poste locale dans la majorit\u00e9 des cas), selon la nature du produit command\u00e9 et \u00e0 l&rsquo;initiative exclusive de notre boutique MuscleBumper.com, \u00e0 l&rsquo;adresse figurant sur le bon de commande.<br \/>The announced deadlines are indicated from the partner factories.<br \/>The average delay is 21 to 29 days.<br \/>The choice of delivery method depends on the weight, volume and value of the items.<\/p>\r\n\r\n\r\n\r\n<p>Delivery problem<br \/>In the event of AVERAGE OBSERVED, the customer must formulate detailed reservations on the delivery note. The mention &quot;subject to unpacking&quot; does not constitute a qualified reservation and has NO LEGAL VALUE. It is therefore essential that the customer accurately describes the condition of the packaging and \/ or your product. (Ex: Noises of breakage, Open parcel, damaged, torn, sunken packaging\u2026 on the lower right corner, scratched product, pushed in, on the left side\u2026) The customer must also confirm these reservations to the carrier by registered mail at the latest within 48 working hours of receipt of the item (s), and send a copy of this letter by email, clearly recalling the references on the delivery slip. Note: Verification of the condition of the product is considered to have been carried out once the delivery slip has been signed. Consequently, IN CASE OF NON-COMPLIANCE WITH THE ABOVE INDICATIONS, NO CLAIM WILL BE ACCEPTED.<br \/>If the product is really damaged, the customer must absolutely refuse the package and note a reservation on the delivery note (package refused because open or damaged during delivery, precisely characterize the damage). The customer must also confirm these reservations to the carrier by registered mail at the latest within 48 working hours of receipt of the item (s), and send a copy of this letter by email to our Customer Service, clearly recalling the references on the delivery slip. Note: Verification of the condition of its product is considered to have been carried out once the delivery slip has been signed. Therefore, IN CASE OF NON-COMPLIANCE WITH THE ABOVE INDICATIONS, NO CLAIM WILL BE ACCEPTED.<br \/>After receipt and acceptance of his package by our services, depending on the nature of the product, available stocks and according to his wishes, we will suggest to the customer to reship the product initially ordered or an exchange product with equivalent characteristics.<\/p>\r\n\r\n\r\n\r\n<h3 class=\"wp-block-heading\">RIGHT OF RETURN<\/h3>\r\n\r\n\r\n\r\n<p>Any modified or painted product is not returned, exchanged or reimbursed.<br \/>Returns for withdrawal<br \/>Return modalities<br \/>In accordance with article L.121-21 of the Consumer Code, the customer has a period of fourteen days from the date of receipt of his order, to return any unsuitable item, in its packaging. origin and in good condition, suitable for its marketing and request an exchange or refund, with the exception of return costs. This reimbursement will be made between 6 to 14 days maximum.<br \/>ATTENTION: No withdrawal will be accepted if the returned product is unfit for marketing.<br \/>Therefore :<br \/>- The product must be returned in perfect condition, in its original packaging, unopened, unsealed, undamaged, unmarked\u2026.<br \/>- The product must be accompanied by all its accessories.<br \/>Otherwise, the product will be returned to him, at his expense.<br \/>In order to properly process the request, please send it by email, along with the purchase invoice for the product. The customer will be refunded within 14 days maximum by credit card or transfer (depending on the payment method the customer has used) after receipt of the package by our return service.<\/p>\r\n\r\n\r\n\r\n<p>Return costs for withdrawal<br \/>Return costs in the event of withdrawal remain the responsibility of the customer.<\/p>\r\n\r\n\r\n\r\n<p>Guarantee of hidden defects<br \/>The customer also benefits from the legal guarantee against hidden defects. Only products justifying a proven hidden defect may be returned under this reason.<br \/>In accordance with this article, the customer who declares that his product suffers from a hidden defect must provide proof thereof. Thus, a product expertise must be requested by the customer from a mandated expert so that he can certify the hidden defect.<br \/>If the expertise confirms that there is indeed a hidden defect, the authentic document must be sent to our customer service as soon as possible. Upon receipt of the document, a return agreement number and the procedure to follow to return the product will be communicated to you by our customer service. The cost of returning the product is at its expense. Acceptance of the return will be made after finding the hidden defect by our services. Once the return has been accepted by our services, the product is exchanged.<br \/>The guarantees do not cover:<br \/>faults and their consequences linked to use not in accordance with the use for which the product is intended and faults and their consequences linked to any external cause (cleaning with incompatible solutions, unscheduled use, etc.).<\/p>\r\n\r\n\r\n\r\n<h3 class=\"wp-block-heading\">EVIDENCE<\/h3>\r\n\r\n\r\n\r\n<p>Sauf preuve contraire, les donn\u00e9es enregistr\u00e9es par notre boutique MuscleBumper.com constituent la preuve de l&rsquo;ensemble des transactions pass\u00e9es entre notre boutique MuscleBumper.com et ses clients.<br \/>L&rsquo;historique des transactions entre notre boutique MuscleBumper.com et le client est consultable \u00e0 tout moment sur le Site dans la rubrique \u00ab MON COMPTE \u00bb, \u00ab COMMANDES \u00bb.<\/p>\r\n\r\n\r\n\r\n<h3 class=\"wp-block-heading\">GUARANTEE<\/h3>\r\n\r\n\r\n\r\n<p>Tous nos produits vendus par notre boutique MuscleBumper.com sont garantis 1 an.<br \/>All modified parts (drilled, welded, etc.) will lose all warranty.<br \/>La garantie s&rsquo;applique pour une utilisation normale, aucune garantie n&rsquo;est accord\u00e9e par suite d&rsquo;une utilisation anormale ou d&rsquo;un mauvais entretien. Nos garanties sont strictement limit\u00e9es en tout domaine. Les frais de port en cas de renvoi, ainsi que les \u00e9ventuels frais de main d&rsquo;\u0153uvre de montage et de d\u00e9montage restant \u00e0 la charge du client et MuscleBumper.com ne pouvant en aucun cas \u00eatre amen\u00e9e \u00e0 verser des dommages et int\u00e9r\u00eats \u00e0 quelque titre que ce soit. MuscleBumper.com exclut toute garantie en cas de force majeure, de n\u00e9gligence ou de d\u00e9faut d&rsquo;entretien, d&rsquo;usage non conforme ou de montage d\u00e9fectueux.<br \/>Any warranty return must be sent by the customer to our after-sales service. The part will be appraised by the supplier who will take care of the replacement or repair thereof. We inform you that the exchange or repair operation may take 5 weeks from receipt of the part. Shipping costs remain the responsibility of the customer.<\/p>\r\n\r\n\r\n\r\n<h3 class=\"wp-block-heading\">CUSTOMER ACCOUNT DEACTIVATION<\/h3>\r\n\r\n\r\n\r\n<p>Notre boutique MuscleBumper.com se r\u00e9serve la facult\u00e9 de d\u00e9sactiver de plein droit, sans pr\u00e9avis ni indemnit\u00e9, le compte du client dans les cas suivants :<br \/>- non-compliance by the customer with the general conditions of sale and general conditions of use,<br \/>- non payment by the customer of the sums due,<br \/>&#8211; agissements contraires aux int\u00e9r\u00eats de notre boutique MuscleBumper.com.<br \/>Le client qui souhaite d\u00e9sactiver son compte le fera savoir \u00e0 notre MuscleBumper.com directement par mail.<br \/>Notre boutique MuscleBumper.com s&rsquo;engage \u00e0 d\u00e9sactiver le compte dans un d\u00e9lai maximum de 48 heures \u00e0 compter de la r\u00e9ception de cette demande.<\/p>\r\n\r\n\r\n\r\n<h3 class=\"wp-block-heading\">AVAILABILITY OF SERVICES<\/h3>\r\n\r\n\r\n\r\n<p>Services are normally accessible by the customer 24 hours a day, 7 days a week, all year round.<br \/>Notre boutique MuscleBumper.com se r\u00e9serve n\u00e9anmoins le droit, sans pr\u00e9avis ni indemnit\u00e9, d&rsquo;en fermer temporairement l&rsquo;acc\u00e8s et ne sera pas responsable des dommages de toute nature pouvant r\u00e9sulter de ce fait.<\/p>\r\n\r\n\r\n\r\n<h3 class=\"wp-block-heading\">VALIDATION<\/h3>\r\n\r\n\r\n\r\n<p>The customer declares to have read and accepted these General Conditions of Sale before placing your order. The validation of your order therefore implies acceptance of these General Conditions of Sale.<br \/>All photos and site content (description, reference, etc.) are protected by copyright. They may not be copied or reproduced under any circumstances.<\/p>","protected":false},"excerpt":{"rendered":"<p>Conditions G\u00e9n\u00e9rales de Vente Les pr\u00e9sentes conditions g\u00e9n\u00e9rales r\u00e9gissent la vente des produits pr\u00e9sent\u00e9s sur le site de : L&rsquo;OFFRE<\/p>","protected":false},"author":1,"featured_media":0,"parent":0,"menu_order":0,"comment_status":"closed","ping_status":"closed","template":"","meta":{"footnotes":""},"class_list":["post-7175","page","type-page","status-publish","hentry"],"yoast_head":"<!-- This site is optimized with the Yoast SEO plugin v27.1.1 - https:\/\/yoast.com\/product\/yoast-seo-wordpress\/ -->\n<title>Conditions G\u00e9n\u00e9rales de Ventes - MuscleBumper.com<\/title>\n<meta name=\"robots\" content=\"index, follow, max-snippet:-1, max-image-preview:large, max-video-preview:-1\" \/>\n<link rel=\"canonical\" href=\"https:\/\/musclebumper.com\/en\/conditions-generales-de-ventes\/\" \/>\n<meta property=\"og:locale\" content=\"en_US\" \/>\n<meta property=\"og:type\" content=\"article\" \/>\n<meta property=\"og:title\" content=\"Conditions G\u00e9n\u00e9rales de Ventes - MuscleBumper.com\" \/>\n<meta property=\"og:description\" content=\"Conditions G\u00e9n\u00e9rales de Vente Les pr\u00e9sentes conditions g\u00e9n\u00e9rales r\u00e9gissent la vente des produits pr\u00e9sent\u00e9s sur le site de : L&rsquo;OFFRE\" \/>\n<meta property=\"og:url\" content=\"https:\/\/musclebumper.com\/en\/conditions-generales-de-ventes\/\" \/>\n<meta property=\"og:site_name\" content=\"MuscleBumper.com\" \/>\n<meta property=\"article:modified_time\" content=\"2020-11-21T17:19:55+00:00\" \/>\n<meta name=\"twitter:card\" content=\"summary_large_image\" \/>\n<meta name=\"twitter:label1\" content=\"Est. reading time\" \/>\n\t<meta name=\"twitter:data1\" content=\"12 minutes\" \/>\n<script type=\"application\/ld+json\" class=\"yoast-schema-graph\">{\"@context\":\"https:\/\/schema.org\",\"@graph\":[{\"@type\":\"WebPage\",\"@id\":\"https:\/\/musclebumper.com\/en\/conditions-generales-de-ventes\/\",\"url\":\"https:\/\/musclebumper.com\/en\/conditions-generales-de-ventes\/\",\"name\":\"Conditions G\u00e9n\u00e9rales de Ventes - MuscleBumper.com\",\"isPartOf\":{\"@id\":\"https:\/\/musclebumper.com\/#website\"},\"datePublished\":\"2020-09-20T15:30:20+00:00\",\"dateModified\":\"2020-11-21T17:19:55+00:00\",\"breadcrumb\":{\"@id\":\"https:\/\/musclebumper.com\/en\/conditions-generales-de-ventes\/#breadcrumb\"},\"inLanguage\":\"en-US\",\"potentialAction\":[{\"@type\":\"ReadAction\",\"target\":[\"https:\/\/musclebumper.com\/en\/conditions-generales-de-ventes\/\"]}]},{\"@type\":\"BreadcrumbList\",\"@id\":\"https:\/\/musclebumper.com\/en\/conditions-generales-de-ventes\/#breadcrumb\",\"itemListElement\":[{\"@type\":\"ListItem\",\"position\":1,\"name\":\"Accueil\",\"item\":\"https:\/\/musclebumper.com\/\"},{\"@type\":\"ListItem\",\"position\":2,\"name\":\"Conditions G\u00e9n\u00e9rales de Ventes\"}]},{\"@type\":\"WebSite\",\"@id\":\"https:\/\/musclebumper.com\/#website\",\"url\":\"https:\/\/musclebumper.com\/\",\"name\":\"MuscleBumper.com\",\"description\":\"Protection de voiture pare-chocs arri\u00e8re\",\"publisher\":{\"@id\":\"https:\/\/musclebumper.com\/#organization\"},\"potentialAction\":[{\"@type\":\"SearchAction\",\"target\":{\"@type\":\"EntryPoint\",\"urlTemplate\":\"https:\/\/musclebumper.com\/?s={search_term_string}\"},\"query-input\":{\"@type\":\"PropertyValueSpecification\",\"valueRequired\":true,\"valueName\":\"search_term_string\"}}],\"inLanguage\":\"en-US\"},{\"@type\":\"Organization\",\"@id\":\"https:\/\/musclebumper.com\/#organization\",\"name\":\"Chariotchaise\",\"url\":\"https:\/\/musclebumper.com\/\",\"logo\":{\"@type\":\"ImageObject\",\"inLanguage\":\"en-US\",\"@id\":\"https:\/\/musclebumper.com\/#\/schema\/logo\/image\/\",\"url\":\"https:\/\/musclebumper.com\/wp-content\/uploads\/2020\/09\/chariotchaise-gris.png\",\"contentUrl\":\"https:\/\/musclebumper.com\/wp-content\/uploads\/2020\/09\/chariotchaise-gris.png\",\"width\":1475,\"height\":221,\"caption\":\"Chariotchaise\"},\"image\":{\"@id\":\"https:\/\/musclebumper.com\/#\/schema\/logo\/image\/\"}}]}<\/script>\n<!-- \/ Yoast SEO plugin. -->","yoast_head_json":{"title":"Conditions G\u00e9n\u00e9rales de Ventes - MuscleBumper.com","robots":{"index":"index","follow":"follow","max-snippet":"max-snippet:-1","max-image-preview":"max-image-preview:large","max-video-preview":"max-video-preview:-1"},"canonical":"https:\/\/musclebumper.com\/en\/conditions-generales-de-ventes\/","og_locale":"en_US","og_type":"article","og_title":"Conditions G\u00e9n\u00e9rales de Ventes - MuscleBumper.com","og_description":"Conditions G\u00e9n\u00e9rales de Vente Les pr\u00e9sentes conditions g\u00e9n\u00e9rales r\u00e9gissent la vente des produits pr\u00e9sent\u00e9s sur le site de : L&rsquo;OFFRE","og_url":"https:\/\/musclebumper.com\/en\/conditions-generales-de-ventes\/","og_site_name":"MuscleBumper.com","article_modified_time":"2020-11-21T17:19:55+00:00","twitter_card":"summary_large_image","twitter_misc":{"Est. reading time":"12 minutes"},"schema":{"@context":"https:\/\/schema.org","@graph":[{"@type":"WebPage","@id":"https:\/\/musclebumper.com\/en\/conditions-generales-de-ventes\/","url":"https:\/\/musclebumper.com\/en\/conditions-generales-de-ventes\/","name":"Conditions G\u00e9n\u00e9rales de Ventes - MuscleBumper.com","isPartOf":{"@id":"https:\/\/musclebumper.com\/#website"},"datePublished":"2020-09-20T15:30:20+00:00","dateModified":"2020-11-21T17:19:55+00:00","breadcrumb":{"@id":"https:\/\/musclebumper.com\/en\/conditions-generales-de-ventes\/#breadcrumb"},"inLanguage":"en-US","potentialAction":[{"@type":"ReadAction","target":["https:\/\/musclebumper.com\/en\/conditions-generales-de-ventes\/"]}]},{"@type":"BreadcrumbList","@id":"https:\/\/musclebumper.com\/en\/conditions-generales-de-ventes\/#breadcrumb","itemListElement":[{"@type":"ListItem","position":1,"name":"Accueil","item":"https:\/\/musclebumper.com\/"},{"@type":"ListItem","position":2,"name":"Conditions G\u00e9n\u00e9rales de Ventes"}]},{"@type":"WebSite","@id":"https:\/\/musclebumper.com\/#website","url":"https:\/\/musclebumper.com\/","name":"MuscleBumper.com","description":"Protection de voiture pare-chocs arri\u00e8re","publisher":{"@id":"https:\/\/musclebumper.com\/#organization"},"potentialAction":[{"@type":"SearchAction","target":{"@type":"EntryPoint","urlTemplate":"https:\/\/musclebumper.com\/?s={search_term_string}"},"query-input":{"@type":"PropertyValueSpecification","valueRequired":true,"valueName":"search_term_string"}}],"inLanguage":"en-US"},{"@type":"Organization","@id":"https:\/\/musclebumper.com\/#organization","name":"Trolley chair","url":"https:\/\/musclebumper.com\/","logo":{"@type":"ImageObject","inLanguage":"en-US","@id":"https:\/\/musclebumper.com\/#\/schema\/logo\/image\/","url":"https:\/\/musclebumper.com\/wp-content\/uploads\/2020\/09\/chariotchaise-gris.png","contentUrl":"https:\/\/musclebumper.com\/wp-content\/uploads\/2020\/09\/chariotchaise-gris.png","width":1475,"height":221,"caption":"Chariotchaise"},"image":{"@id":"https:\/\/musclebumper.com\/#\/schema\/logo\/image\/"}}]}},"_links":{"self":[{"href":"https:\/\/musclebumper.com\/en\/wp-json\/wp\/v2\/pages\/7175","targetHints":{"allow":["GET"]}}],"collection":[{"href":"https:\/\/musclebumper.com\/en\/wp-json\/wp\/v2\/pages"}],"about":[{"href":"https:\/\/musclebumper.com\/en\/wp-json\/wp\/v2\/types\/page"}],"author":[{"embeddable":true,"href":"https:\/\/musclebumper.com\/en\/wp-json\/wp\/v2\/users\/1"}],"replies":[{"embeddable":true,"href":"https:\/\/musclebumper.com\/en\/wp-json\/wp\/v2\/comments?post=7175"}],"version-history":[{"count":0,"href":"https:\/\/musclebumper.com\/en\/wp-json\/wp\/v2\/pages\/7175\/revisions"}],"wp:attachment":[{"href":"https:\/\/musclebumper.com\/en\/wp-json\/wp\/v2\/media?parent=7175"}],"curies":[{"name":"wp","href":"https:\/\/api.w.org\/{rel}","templated":true}]}}