{"id":7170,"date":"2020-09-20T17:14:53","date_gmt":"2020-09-20T15:14:53","guid":{"rendered":"https:\/\/musclebumper.com\/?page_id=7170"},"modified":"2020-09-20T17:16:03","modified_gmt":"2020-09-20T15:16:03","slug":"paiement-securise","status":"publish","type":"page","link":"https:\/\/musclebumper.com\/en\/paiement-securise\/","title":{"rendered":"Secure payment"},"content":{"rendered":"<h2>S\u00e9curit\u00e9 du site<\/h2>\n<p>Notre site est enti\u00e8rement s\u00e9curis\u00e9.<br \/>\nNotre site internet b\u00e9n\u00e9ficie d&rsquo;un <strong>certificat SSL<\/strong> (norme de s\u00e9curit\u00e9), valid\u00e9e par l&rsquo;organisme <strong>Let&rsquo;s Encrypt<\/strong>.<br \/>\nCela vous garantit une navigation en toute s\u00e9curit\u00e9. Toutes les transactions se font en toute s\u00e9curit\u00e9.<br \/>\nToutes les informations sont crypt\u00e9es et ne circulent pas en clair (contrairement aux sites en http, non munis de certificat SSL).<br \/>\nL&rsquo;installation d&rsquo;un certificat SSL n&rsquo;est pas obligatoire mais votre s\u00e9curit\u00e9 est une de nos priorit\u00e9s !<br \/>\nComment v\u00e9rifier que notre site est s\u00e9curis\u00e9 ?&nbsp;Il suffit de regarder la barre de navigation.<br \/>\nVous verrez que l&rsquo;adresse du site commence par <strong>https<\/strong> (et non http).<\/p>\n<h2>Modes de paiement<\/h2>\n<p><strong>Par virement bancaire :<\/strong><\/p>\n<p>Les coordonn\u00e9es \u00e0 communiquer \u00e0 votre banque seront communiqu\u00e9es lors de votre commande.<br \/>\nIl suffira de choisir \u00ab\u00a0paiement par virement bancaire\u00a0\u00bb.<br \/>\nAttention, votre commande ne sera trait\u00e9e qu&rsquo;apr\u00e8s r\u00e9ception effective du paiement sur notre compte.<\/p>\n<p><strong>Par ch\u00e8que \/ Paypal :<\/strong><\/p>\n<p>Suite \u00e0 de nombreux litiges de paiements par ch\u00e8que et\/ou Paypal, nous n&rsquo;acceptons plus ces modes de paiement.<\/p>\n<p><strong>Par carte bancaire :<\/strong><\/p>\n<p>Vous pouvez r\u00e9gler votre commande directement sur notre site s\u00e9curis\u00e9.<br \/>\nNous conseillons ce mode de paiement pour un traitement plus rapide.<br \/>\nIl suffira de choisir le mode de \u00ab\u00a0paiement par carte\u00a0\u00bb lors de la commande.<br \/>\nToutes ces transactions sont s\u00e9curis\u00e9es \u00e0 100%, et transite par Stripe.<\/p>","protected":false},"excerpt":{"rendered":"<p>S\u00e9curit\u00e9 du site Notre site est enti\u00e8rement s\u00e9curis\u00e9. Notre site internet b\u00e9n\u00e9ficie d&rsquo;un certificat SSL (norme de s\u00e9curit\u00e9), valid\u00e9e par<\/p>","protected":false},"author":1,"featured_media":0,"parent":0,"menu_order":0,"comment_status":"closed","ping_status":"closed","template":"","meta":{"footnotes":""},"class_list":["post-7170","page","type-page","status-publish","hentry"],"yoast_head":"<!-- This site is optimized with the Yoast SEO plugin v27.1.1 - https:\/\/yoast.com\/product\/yoast-seo-wordpress\/ -->\n<title>Paiement s\u00e9curis\u00e9 - MuscleBumper.com<\/title>\n<meta name=\"robots\" content=\"index, follow, max-snippet:-1, max-image-preview:large, max-video-preview:-1\" \/>\n<link rel=\"canonical\" href=\"https:\/\/musclebumper.com\/en\/paiement-securise\/\" \/>\n<meta property=\"og:locale\" content=\"en_US\" \/>\n<meta property=\"og:type\" content=\"article\" \/>\n<meta property=\"og:title\" content=\"Paiement s\u00e9curis\u00e9 - MuscleBumper.com\" \/>\n<meta property=\"og:description\" content=\"S\u00e9curit\u00e9 du site Notre site est enti\u00e8rement s\u00e9curis\u00e9. Notre site internet b\u00e9n\u00e9ficie d&rsquo;un certificat SSL (norme de s\u00e9curit\u00e9), valid\u00e9e par\" \/>\n<meta property=\"og:url\" content=\"https:\/\/musclebumper.com\/en\/paiement-securise\/\" \/>\n<meta property=\"og:site_name\" content=\"MuscleBumper.com\" \/>\n<meta property=\"article:modified_time\" content=\"2020-09-20T15:16:03+00:00\" \/>\n<meta name=\"twitter:card\" content=\"summary_large_image\" \/>\n<meta name=\"twitter:label1\" content=\"Est. reading time\" \/>\n\t<meta name=\"twitter:data1\" content=\"1 minute\" \/>\n<script type=\"application\/ld+json\" class=\"yoast-schema-graph\">{\"@context\":\"https:\/\/schema.org\",\"@graph\":[{\"@type\":\"WebPage\",\"@id\":\"https:\/\/musclebumper.com\/paiement-securise\/\",\"url\":\"https:\/\/musclebumper.com\/paiement-securise\/\",\"name\":\"Paiement s\u00e9curis\u00e9 - MuscleBumper.com\",\"isPartOf\":{\"@id\":\"https:\/\/musclebumper.com\/#website\"},\"datePublished\":\"2020-09-20T15:14:53+00:00\",\"dateModified\":\"2020-09-20T15:16:03+00:00\",\"breadcrumb\":{\"@id\":\"https:\/\/musclebumper.com\/paiement-securise\/#breadcrumb\"},\"inLanguage\":\"en-US\",\"potentialAction\":[{\"@type\":\"ReadAction\",\"target\":[\"https:\/\/musclebumper.com\/paiement-securise\/\"]}]},{\"@type\":\"BreadcrumbList\",\"@id\":\"https:\/\/musclebumper.com\/paiement-securise\/#breadcrumb\",\"itemListElement\":[{\"@type\":\"ListItem\",\"position\":1,\"name\":\"Accueil\",\"item\":\"https:\/\/musclebumper.com\/\"},{\"@type\":\"ListItem\",\"position\":2,\"name\":\"Paiement s\u00e9curis\u00e9\"}]},{\"@type\":\"WebSite\",\"@id\":\"https:\/\/musclebumper.com\/#website\",\"url\":\"https:\/\/musclebumper.com\/\",\"name\":\"MuscleBumper.com\",\"description\":\"Protection de voiture pare-chocs arri\u00e8re\",\"publisher\":{\"@id\":\"https:\/\/musclebumper.com\/#organization\"},\"potentialAction\":[{\"@type\":\"SearchAction\",\"target\":{\"@type\":\"EntryPoint\",\"urlTemplate\":\"https:\/\/musclebumper.com\/?s={search_term_string}\"},\"query-input\":{\"@type\":\"PropertyValueSpecification\",\"valueRequired\":true,\"valueName\":\"search_term_string\"}}],\"inLanguage\":\"en-US\"},{\"@type\":\"Organization\",\"@id\":\"https:\/\/musclebumper.com\/#organization\",\"name\":\"Chariotchaise\",\"url\":\"https:\/\/musclebumper.com\/\",\"logo\":{\"@type\":\"ImageObject\",\"inLanguage\":\"en-US\",\"@id\":\"https:\/\/musclebumper.com\/#\/schema\/logo\/image\/\",\"url\":\"https:\/\/musclebumper.com\/wp-content\/uploads\/2020\/09\/chariotchaise-gris.png\",\"contentUrl\":\"https:\/\/musclebumper.com\/wp-content\/uploads\/2020\/09\/chariotchaise-gris.png\",\"width\":1475,\"height\":221,\"caption\":\"Chariotchaise\"},\"image\":{\"@id\":\"https:\/\/musclebumper.com\/#\/schema\/logo\/image\/\"}}]}<\/script>\n<!-- \/ Yoast SEO plugin. -->","yoast_head_json":{"title":"Paiement s\u00e9curis\u00e9 - MuscleBumper.com","robots":{"index":"index","follow":"follow","max-snippet":"max-snippet:-1","max-image-preview":"max-image-preview:large","max-video-preview":"max-video-preview:-1"},"canonical":"https:\/\/musclebumper.com\/en\/paiement-securise\/","og_locale":"en_US","og_type":"article","og_title":"Paiement s\u00e9curis\u00e9 - MuscleBumper.com","og_description":"S\u00e9curit\u00e9 du site Notre site est enti\u00e8rement s\u00e9curis\u00e9. Notre site internet b\u00e9n\u00e9ficie d&rsquo;un certificat SSL (norme de s\u00e9curit\u00e9), valid\u00e9e par","og_url":"https:\/\/musclebumper.com\/en\/paiement-securise\/","og_site_name":"MuscleBumper.com","article_modified_time":"2020-09-20T15:16:03+00:00","twitter_card":"summary_large_image","twitter_misc":{"Est. reading time":"1 minute"},"schema":{"@context":"https:\/\/schema.org","@graph":[{"@type":"WebPage","@id":"https:\/\/musclebumper.com\/paiement-securise\/","url":"https:\/\/musclebumper.com\/paiement-securise\/","name":"Paiement s\u00e9curis\u00e9 - MuscleBumper.com","isPartOf":{"@id":"https:\/\/musclebumper.com\/#website"},"datePublished":"2020-09-20T15:14:53+00:00","dateModified":"2020-09-20T15:16:03+00:00","breadcrumb":{"@id":"https:\/\/musclebumper.com\/paiement-securise\/#breadcrumb"},"inLanguage":"en-US","potentialAction":[{"@type":"ReadAction","target":["https:\/\/musclebumper.com\/paiement-securise\/"]}]},{"@type":"BreadcrumbList","@id":"https:\/\/musclebumper.com\/paiement-securise\/#breadcrumb","itemListElement":[{"@type":"ListItem","position":1,"name":"Accueil","item":"https:\/\/musclebumper.com\/"},{"@type":"ListItem","position":2,"name":"Paiement s\u00e9curis\u00e9"}]},{"@type":"WebSite","@id":"https:\/\/musclebumper.com\/#website","url":"https:\/\/musclebumper.com\/","name":"MuscleBumper.com","description":"Protection de voiture pare-chocs arri\u00e8re","publisher":{"@id":"https:\/\/musclebumper.com\/#organization"},"potentialAction":[{"@type":"SearchAction","target":{"@type":"EntryPoint","urlTemplate":"https:\/\/musclebumper.com\/?s={search_term_string}"},"query-input":{"@type":"PropertyValueSpecification","valueRequired":true,"valueName":"search_term_string"}}],"inLanguage":"en-US"},{"@type":"Organization","@id":"https:\/\/musclebumper.com\/#organization","name":"Trolley chair","url":"https:\/\/musclebumper.com\/","logo":{"@type":"ImageObject","inLanguage":"en-US","@id":"https:\/\/musclebumper.com\/#\/schema\/logo\/image\/","url":"https:\/\/musclebumper.com\/wp-content\/uploads\/2020\/09\/chariotchaise-gris.png","contentUrl":"https:\/\/musclebumper.com\/wp-content\/uploads\/2020\/09\/chariotchaise-gris.png","width":1475,"height":221,"caption":"Chariotchaise"},"image":{"@id":"https:\/\/musclebumper.com\/#\/schema\/logo\/image\/"}}]}},"_links":{"self":[{"href":"https:\/\/musclebumper.com\/en\/wp-json\/wp\/v2\/pages\/7170","targetHints":{"allow":["GET"]}}],"collection":[{"href":"https:\/\/musclebumper.com\/en\/wp-json\/wp\/v2\/pages"}],"about":[{"href":"https:\/\/musclebumper.com\/en\/wp-json\/wp\/v2\/types\/page"}],"author":[{"embeddable":true,"href":"https:\/\/musclebumper.com\/en\/wp-json\/wp\/v2\/users\/1"}],"replies":[{"embeddable":true,"href":"https:\/\/musclebumper.com\/en\/wp-json\/wp\/v2\/comments?post=7170"}],"version-history":[{"count":0,"href":"https:\/\/musclebumper.com\/en\/wp-json\/wp\/v2\/pages\/7170\/revisions"}],"wp:attachment":[{"href":"https:\/\/musclebumper.com\/en\/wp-json\/wp\/v2\/media?parent=7170"}],"curies":[{"name":"wp","href":"https:\/\/api.w.org\/{rel}","templated":true}]}}